{"id":60,"date":"2024-05-04T15:46:01","date_gmt":"2024-05-04T13:46:01","guid":{"rendered":"https:\/\/www.jakovbavlnce.eu\/?page_id=60"},"modified":"2025-12-26T08:38:07","modified_gmt":"2025-12-26T07:38:07","slug":"masaze-u-katky","status":"publish","type":"page","link":"https:\/\/www.jakovbavlnce.eu\/?page_id=60","title":{"rendered":"Mas\u00e1\u017ee u Katky"},"content":{"rendered":"\n<p>Od 1.5.2024 poskytujeme Kat\u010diny luxusn\u00ed mas\u00e1\u017ee na deta\u0161ovan\u00e9m pracovi\u0161ti na n\u00e1m.Republiky v Opav\u011b.<\/p>\n\n\n\n<p>Katka je odbornice na mas\u00e1\u017e plosek nohou a nov\u011b nab\u00edz\u00ed MADERO terapii. <\/p>\n\n\n\n<p>Madero mas\u00e1\u017e je\u00a0<strong>jedine\u010dn\u00e1 technika, kter\u00e1 kombinuje tlak a rolov\u00e1n\u00ed d\u0159ev\u011bn\u00fdch v\u00e1le\u010dk\u016f po posti\u017een\u00fdch oblastech t\u011bla<\/strong>. Tento druh mas\u00e1\u017ee m\u00e1 n\u011bkolik pozitivn\u00edch \u00fa\u010dink\u016f na celulitidu. Rozru\u0161en\u00ed tukov\u00fdch usazenin: Pohyb d\u0159ev\u011bn\u00fdch v\u00e1le\u010dk\u016f p\u0159i Madero mas\u00e1\u017ei pom\u00e1h\u00e1 rozru\u0161ovat tukov\u00e9 bu\u0148ky a podporuje jejich odstran\u011bn\u00ed.<\/p>\n\n\n\n<p>Objedn\u00e1vejte se k n\u00ed na tel.: 775505519.<\/p>\n\n\n\n<p>St\u00e1le je mo\u017en\u00e9 platit u n\u00ed kredity. <\/p>\n","protected":false},"excerpt":{"rendered":"<p>Od 1.5.2024 poskytujeme Kat\u010diny luxusn\u00ed mas\u00e1\u017ee na deta\u0161ovan\u00e9m pracovi\u0161ti na n\u00e1m.Republiky v Opav\u011b. Katka je odbornice na mas\u00e1\u017e plosek nohou a nov\u011b nab\u00edz\u00ed MADERO terapii. Madero mas\u00e1\u017e je\u00a0jedine\u010dn\u00e1 technika, kter\u00e1 kombinuje tlak a rolov\u00e1n\u00ed d\u0159ev\u011bn\u00fdch v\u00e1le\u010dk\u016f po posti\u017een\u00fdch oblastech t\u011bla. Tento druh mas\u00e1\u017ee m\u00e1 n\u011bkolik pozitivn\u00edch \u00fa\u010dink\u016f na celulitidu. Rozru\u0161en\u00ed tukov\u00fdch usazenin: Pohyb d\u0159ev\u011bn\u00fdch v\u00e1le\u010dk\u016f [&hellip;]<\/p>\n","protected":false},"author":2,"featured_media":0,"parent":0,"menu_order":0,"comment_status":"closed","ping_status":"closed","template":"","meta":{"_et_pb_use_builder":"off","_et_pb_old_content":"<!-- wp:paragraph -->\n<p>Od 1.5.2024 poskytujeme Kat\u010diny luxusn\u00ed mas\u00e1\u017ee na deta\u0161ovan\u00e9m pracovi\u0161ti na n\u00e1m.Republiky v Opav\u011b.<\/p>\n<!-- \/wp:paragraph -->\n\n<!-- wp:paragraph -->\n<p>Objedn\u00e1vejte se k n\u00ed na tel.: 775505519.<\/p>\n<!-- \/wp:paragraph -->\n\n<!-- wp:paragraph -->\n<p>St\u00e1le je mo\u017en\u00e9 platit u n\u00ed kredity. <\/p>\n<!-- \/wp:paragraph -->","_et_gb_content_width":"","footnotes":""},"class_list":["post-60","page","type-page","status-publish","hentry"],"_links":{"self":[{"href":"https:\/\/www.jakovbavlnce.eu\/index.php?rest_route=\/wp\/v2\/pages\/60","targetHints":{"allow":["GET"]}}],"collection":[{"href":"https:\/\/www.jakovbavlnce.eu\/index.php?rest_route=\/wp\/v2\/pages"}],"about":[{"href":"https:\/\/www.jakovbavlnce.eu\/index.php?rest_route=\/wp\/v2\/types\/page"}],"author":[{"embeddable":true,"href":"https:\/\/www.jakovbavlnce.eu\/index.php?rest_route=\/wp\/v2\/users\/2"}],"replies":[{"embeddable":true,"href":"https:\/\/www.jakovbavlnce.eu\/index.php?rest_route=%2Fwp%2Fv2%2Fcomments&post=60"}],"version-history":[{"count":4,"href":"https:\/\/www.jakovbavlnce.eu\/index.php?rest_route=\/wp\/v2\/pages\/60\/revisions"}],"predecessor-version":[{"id":306,"href":"https:\/\/www.jakovbavlnce.eu\/index.php?rest_route=\/wp\/v2\/pages\/60\/revisions\/306"}],"wp:attachment":[{"href":"https:\/\/www.jakovbavlnce.eu\/index.php?rest_route=%2Fwp%2Fv2%2Fmedia&parent=60"}],"curies":[{"name":"wp","href":"https:\/\/api.w.org\/{rel}","templated":true}]}}