{"id":66,"date":"2024-05-04T15:56:37","date_gmt":"2024-05-04T13:56:37","guid":{"rendered":"https:\/\/www.jakovbavlnce.eu\/?page_id=66"},"modified":"2024-05-04T16:07:26","modified_gmt":"2024-05-04T14:07:26","slug":"kontakt","status":"publish","type":"page","link":"https:\/\/www.jakovbavlnce.eu\/?page_id=66","title":{"rendered":"Kontakt"},"content":{"rendered":"\n<div class=\"wp-block-group alignwide is-layout-constrained wp-block-group-is-layout-constrained\">\n<h3 class=\"wp-block-heading has-text-align-center\"><strong>ADRESA STUDIA<\/strong><\/h3>\n\n\n\n<h4 class=\"wp-block-heading has-text-align-center\"><strong>Sadov\u00e1 4, Opava<\/strong> <strong>&#8211;<\/strong>  v pracovn\u00ed dny do 17,15 jdete dovnit\u0159 p\u0159es recepci. Po 17,15 zvon\u00edte na \u010dern\u00fd zvonek na vratech a my v\u00e1m otev\u0159eme. <\/h4>\n\n\n\n<h3 class=\"wp-block-heading has-text-align-center\"><strong>ADRESA PROVOZOVATELE<\/strong><\/h3>\n\n\n\n<h4 class=\"wp-block-heading alignwide has-text-align-center\">Jako v bavlnce,s.r.o., \u00davalno 281, 793 91<\/h4>\n\n\n\n<h3 class=\"wp-block-heading has-text-align-center\"><strong>I\u010cO<\/strong><\/h3>\n\n\n\n<h4 class=\"wp-block-heading has-text-align-center\">06000461<\/h4>\n\n\n\n<h3 class=\"wp-block-heading has-text-align-center\"><strong>OTEV\u0158ENO<\/strong><\/h3>\n\n\n\n<h4 class=\"wp-block-heading has-text-align-center\">Otev\u00edrac\u00ed doba: <a href=\"http:\/\/freespirityoga.cz\/rozvrh.php?w=0\">dle rozvrhu <\/a><\/h4>\n\n\n\n<p class=\"has-text-align-center\">ALE RAD\u011aJI PI\u0160TE EMAILA NEBO SMS<\/p>\n\n\n\n<h3 class=\"wp-block-heading has-text-align-center\"><strong>TELEFON INFO, J\u00d3GA ATD.<\/strong><\/h3>\n\n\n\n<h4 class=\"wp-block-heading has-text-align-center\">775045303<\/h4>\n\n\n\n<h3 class=\"wp-block-heading has-text-align-center\"><strong>TELEFON OBJEDN\u00c1VKA MAS\u00c1\u017d\u00cd, PSYCHOWALKMAN<\/strong><\/h3>\n\n\n\n<h4 class=\"wp-block-heading has-text-align-center\">775505519<\/h4>\n\n\n\n<h3 class=\"wp-block-heading has-text-align-center\"><strong>EMAIL<\/strong><\/h3>\n\n\n\n<h4 class=\"wp-block-heading has-text-align-center\">jakovbavlncesro@seznam.cz<\/h4>\n\n\n\n<h3 class=\"wp-block-heading has-text-align-center\"><strong>\u010c\u00cdSLO \u00da\u010cTU<\/strong><\/h3>\n\n\n\n<h4 class=\"wp-block-heading has-text-align-center\">2701210915 \/ 2010<\/h4>\n<\/div>\n","protected":false},"excerpt":{"rendered":"<p>ADRESA STUDIA Sadov\u00e1 4, Opava &#8211; v pracovn\u00ed dny do 17,15 jdete dovnit\u0159 p\u0159es recepci. Po 17,15 zvon\u00edte na \u010dern\u00fd zvonek na vratech a my v\u00e1m otev\u0159eme. ADRESA PROVOZOVATELE Jako v bavlnce,s.r.o., \u00davalno 281, 793 91 I\u010cO 06000461 OTEV\u0158ENO Otev\u00edrac\u00ed doba: dle rozvrhu ALE RAD\u011aJI PI\u0160TE EMAILA NEBO SMS TELEFON INFO, J\u00d3GA ATD. 775045303 TELEFON [&hellip;]<\/p>\n","protected":false},"author":2,"featured_media":0,"parent":0,"menu_order":0,"comment_status":"closed","ping_status":"closed","template":"","meta":{"_et_pb_use_builder":"off","_et_pb_old_content":"","_et_gb_content_width":"","footnotes":""},"class_list":["post-66","page","type-page","status-publish","hentry"],"_links":{"self":[{"href":"https:\/\/www.jakovbavlnce.eu\/index.php?rest_route=\/wp\/v2\/pages\/66","targetHints":{"allow":["GET"]}}],"collection":[{"href":"https:\/\/www.jakovbavlnce.eu\/index.php?rest_route=\/wp\/v2\/pages"}],"about":[{"href":"https:\/\/www.jakovbavlnce.eu\/index.php?rest_route=\/wp\/v2\/types\/page"}],"author":[{"embeddable":true,"href":"https:\/\/www.jakovbavlnce.eu\/index.php?rest_route=\/wp\/v2\/users\/2"}],"replies":[{"embeddable":true,"href":"https:\/\/www.jakovbavlnce.eu\/index.php?rest_route=%2Fwp%2Fv2%2Fcomments&post=66"}],"version-history":[{"count":9,"href":"https:\/\/www.jakovbavlnce.eu\/index.php?rest_route=\/wp\/v2\/pages\/66\/revisions"}],"predecessor-version":[{"id":77,"href":"https:\/\/www.jakovbavlnce.eu\/index.php?rest_route=\/wp\/v2\/pages\/66\/revisions\/77"}],"wp:attachment":[{"href":"https:\/\/www.jakovbavlnce.eu\/index.php?rest_route=%2Fwp%2Fv2%2Fmedia&parent=66"}],"curies":[{"name":"wp","href":"https:\/\/api.w.org\/{rel}","templated":true}]}}