{"id":79,"date":"2024-05-05T09:21:52","date_gmt":"2024-05-05T07:21:52","guid":{"rendered":"https:\/\/www.jakovbavlnce.eu\/?page_id=79"},"modified":"2025-09-16T21:40:10","modified_gmt":"2025-09-16T19:40:10","slug":"rozvrh-lekci","status":"publish","type":"page","link":"https:\/\/www.jakovbavlnce.eu\/?page_id=79","title":{"rendered":"Rozvrh lekc\u00ed"},"content":{"rendered":"<p>[et_pb_section fb_built=&#8220;1&#8243; _builder_version=&#8220;4.16&#8243; global_colors_info=&#8220;{}&#8220;][et_pb_row _builder_version=&#8220;4.16&#8243; background_size=&#8220;initial&#8220; background_position=&#8220;top_left&#8220; background_repeat=&#8220;repeat&#8220; global_colors_info=&#8220;{}&#8220;][et_pb_column type=&#8220;4_4&#8243; _builder_version=&#8220;4.16&#8243; custom_padding=&#8220;|||&#8220; global_colors_info=&#8220;{}&#8220; custom_padding__hover=&#8220;|||&#8220;][et_pb_text _builder_version=&#8220;4.25.0&#8243; background_size=&#8220;initial&#8220; background_position=&#8220;top_left&#8220; background_repeat=&#8220;repeat&#8220; global_colors_info=&#8220;{}&#8220;]<!-- divi:paragraph --><\/p>\n<p>Takhle vypad\u00e1 standardn\u00ed rozlo\u017een\u00ed lekc\u00ed.<\/p>\n<p>&nbsp;<\/p>\n<p>Je mo\u017en\u00e9, \u017ee n\u011bjak\u00e1 lekce odpad\u00e1 nebo jsme naopak n\u011bco p\u0159idaly.<\/p>\n<p>\u00a0Aktu\u00e1ln\u00ed rozvrh a p\u0159ihl\u00e1\u0161en\u00ed na lekce \u00a0je na webu <a href=\"http:\/\/freespirityoga.cz\/rozvrh.php\">zde<\/a>.<\/p>\n<p>&nbsp;<\/p>\n<p><!-- \/divi:paragraph -->[\/et_pb_text][\/et_pb_column][\/et_pb_row][et_pb_row _builder_version=&#8220;4.25.0&#8243; _module_preset=&#8220;default&#8220; global_colors_info=&#8220;{}&#8220;][et_pb_column type=&#8220;4_4&#8243; _builder_version=&#8220;4.25.0&#8243; _module_preset=&#8220;default&#8220; global_colors_info=&#8220;{}&#8220;][et_pb_image src=&#8220;https:\/\/www.jakovbavlnce.eu\/wp-content\/uploads\/2025\/09\/rozvrh-zari-2025.jpg&#8220; _builder_version=&#8220;4.27.4&#8243; _module_preset=&#8220;default&#8220; title_text=&#8220;Screenshot&#8220; hover_enabled=&#8220;0&#8243; sticky_enabled=&#8220;0&#8243;][\/et_pb_image][\/et_pb_column][\/et_pb_row][\/et_pb_section][et_pb_section fb_built=&#8220;1&#8243; _builder_version=&#8220;4.25.0&#8243; _module_preset=&#8220;default&#8220; background_color=&#8220;#000000&#8243; global_colors_info=&#8220;{}&#8220;][et_pb_row _builder_version=&#8220;4.25.0&#8243; _module_preset=&#8220;default&#8220; global_colors_info=&#8220;{}&#8220;][et_pb_column type=&#8220;4_4&#8243; _builder_version=&#8220;4.25.0&#8243; _module_preset=&#8220;default&#8220; global_colors_info=&#8220;{}&#8220;][et_pb_text _builder_version=&#8220;4.25.0&#8243; _module_preset=&#8220;default&#8220; text_text_color=&#8220;#FFFFFF&#8220; global_colors_info=&#8220;{}&#8220;]<\/p>\n<p style=\"text-align: center;\">M\u016f\u017eete n\u00e1s kontaktovat na:<\/p>\n<p class=\"title-box_subtitle\" style=\"text-align: center;\"><strong>775 045 303<\/strong><\/p>\n<p class=\"title-box_subtitle\" style=\"text-align: center;\"><a href=\"mailto:jakovbavlncesro@seznam.cz\"><strong>jakovbavlncesro@seznam.cz<\/strong><\/a><\/p>\n<p>[\/et_pb_text][\/et_pb_column][\/et_pb_row][\/et_pb_section]<\/p>\n","protected":false},"excerpt":{"rendered":"<p>Takhle vypad\u00e1 standardn\u00ed rozlo\u017een\u00ed lekc\u00ed. &nbsp; Je mo\u017en\u00e9, \u017ee n\u011bjak\u00e1 lekce odpad\u00e1 nebo jsme naopak n\u011bco p\u0159idaly. \u00a0Aktu\u00e1ln\u00ed rozvrh a p\u0159ihl\u00e1\u0161en\u00ed na lekce \u00a0je na webu zde. &nbsp; M\u016f\u017eete n\u00e1s kontaktovat na: 775 045 303 jakovbavlncesro@seznam.cz<\/p>\n","protected":false},"author":2,"featured_media":0,"parent":0,"menu_order":0,"comment_status":"closed","ping_status":"closed","template":"","meta":{"_et_pb_use_builder":"on","_et_pb_old_content":"<!-- wp:paragraph -->\n<p>Takhle vypad\u00e1 standardn\u00ed rozlo\u017een\u00ed lekc\u00ed.<\/p>\n<!-- \/wp:paragraph -->\n\n<!-- wp:paragraph -->\n<p>Je mo\u017en\u00e9, \u017ee n\u011bjak\u00e1 lekce odpad\u00e1 nebo jsme naopak n\u011bco p\u0159idaly.<\/p>\n<!-- \/wp:paragraph -->\n\n<!-- wp:paragraph -->\n<p>Aktu\u00e1ln\u00ed rozvrh je na webu <a href=\"http:\/\/freespirityoga.cz\/rozvrh.php\">zde<\/a>.<\/p>\n<!-- \/wp:paragraph -->","_et_gb_content_width":"","footnotes":""},"class_list":["post-79","page","type-page","status-publish","hentry"],"_links":{"self":[{"href":"https:\/\/www.jakovbavlnce.eu\/index.php?rest_route=\/wp\/v2\/pages\/79","targetHints":{"allow":["GET"]}}],"collection":[{"href":"https:\/\/www.jakovbavlnce.eu\/index.php?rest_route=\/wp\/v2\/pages"}],"about":[{"href":"https:\/\/www.jakovbavlnce.eu\/index.php?rest_route=\/wp\/v2\/types\/page"}],"author":[{"embeddable":true,"href":"https:\/\/www.jakovbavlnce.eu\/index.php?rest_route=\/wp\/v2\/users\/2"}],"replies":[{"embeddable":true,"href":"https:\/\/www.jakovbavlnce.eu\/index.php?rest_route=%2Fwp%2Fv2%2Fcomments&post=79"}],"version-history":[{"count":7,"href":"https:\/\/www.jakovbavlnce.eu\/index.php?rest_route=\/wp\/v2\/pages\/79\/revisions"}],"predecessor-version":[{"id":296,"href":"https:\/\/www.jakovbavlnce.eu\/index.php?rest_route=\/wp\/v2\/pages\/79\/revisions\/296"}],"wp:attachment":[{"href":"https:\/\/www.jakovbavlnce.eu\/index.php?rest_route=%2Fwp%2Fv2%2Fmedia&parent=79"}],"curies":[{"name":"wp","href":"https:\/\/api.w.org\/{rel}","templated":true}]}}