{"id":8,"date":"2024-05-03T09:37:17","date_gmt":"2024-05-03T07:37:17","guid":{"rendered":"https:\/\/www.jakovbavlnce.eu:8890\/?page_id=8"},"modified":"2025-12-26T08:35:40","modified_gmt":"2025-12-26T07:35:40","slug":"uvod","status":"publish","type":"page","link":"https:\/\/www.jakovbavlnce.eu\/","title":{"rendered":"V\u00edtejte ve Studiu Jako v Bavlnce"},"content":{"rendered":"\n<h3 class=\"wp-block-heading\"><strong>P\u0158IHL\u00c1\u0160EN\u00cd NA LEKCE :    <a href=\"http:\/\/freespirityoga.cz\/rozvrh.php?w=0\">ZDE<\/a><\/strong><\/h3>\n\n\n\n<p><\/p>\n\n\n\n<p><\/p>\n\n\n\n<h2 class=\"wp-block-heading\">AKTU\u00c1LN\u00cd NAB\u00cdDKA:<\/h2>\n\n\n\n<p><strong>St\u00e1le je  mo\u017enost za\u010d\u00edt s j\u00f3gou &#8211; pro jakoukoliv \u017eenu.  Prvn\u00ed lekce je zdarma, abys zjistila, jestli je to pro tebe. <\/strong><\/p>\n\n\n\n<p>Cvi\u010d\u00edme, aby n\u00e1m bylo dob\u0159e, je to hodinka t\u00fddn\u011b jen PRO SEBE :). Neporovn\u00e1v\u00e1me se, nekritizujeme, u\u010d\u00edme se vn\u00edmat svoje t\u011blo a b\u00fdt tady a te\u010f. Chce\u0161 to zkusit s n\u00e1ma?<strong> <\/strong> Ozvi se. <\/p>\n\n\n\n<div class=\"wp-block-media-text is-stacked-on-mobile\"><figure class=\"wp-block-media-text__media\"><img loading=\"lazy\" decoding=\"async\" width=\"724\" height=\"1024\" src=\"https:\/\/www.jakovbavlnce.eu\/wp-content\/uploads\/2024\/12\/joga-pro-jakoukoliv-zenu-sadova-724x1024.jpg\" alt=\"\" class=\"wp-image-248 size-full\"\/><\/figure><div class=\"wp-block-media-text__content\">\n<p>Tohle cvi\u010d\u00ed Pavl\u00edna &#8211; ve \u010dtvrtek odpoledne.. od 17,30.. Ot\u00e1zky? pi\u0161te na emaila<\/p>\n\n\n\n<figure class=\"wp-block-image size-full\"><img loading=\"lazy\" decoding=\"async\" width=\"640\" height=\"480\" src=\"https:\/\/www.jakovbavlnce.eu\/wp-content\/uploads\/2024\/05\/ja-a-psi.jpeg\" alt=\"\" class=\"wp-image-144\" srcset=\"https:\/\/www.jakovbavlnce.eu\/wp-content\/uploads\/2024\/05\/ja-a-psi.jpeg 640w, https:\/\/www.jakovbavlnce.eu\/wp-content\/uploads\/2024\/05\/ja-a-psi-480x360.jpeg 480w\" sizes=\"(min-width: 0px) and (max-width: 480px) 480px, (min-width: 481px) 640px, 100vw\" \/><\/figure>\n<\/div><\/div>\n\n\n\n<div class=\"wp-block-media-text is-stacked-on-mobile\"><figure class=\"wp-block-media-text__media\"><img loading=\"lazy\" decoding=\"async\" width=\"1024\" height=\"1001\" src=\"https:\/\/www.jakovbavlnce.eu\/wp-content\/uploads\/2024\/05\/mapa-1-1024x1001.png\" alt=\"\" class=\"wp-image-177 size-full\" srcset=\"https:\/\/www.jakovbavlnce.eu\/wp-content\/uploads\/2024\/05\/mapa-1-1024x1001.png 1024w, https:\/\/www.jakovbavlnce.eu\/wp-content\/uploads\/2024\/05\/mapa-1-980x958.png 980w, https:\/\/www.jakovbavlnce.eu\/wp-content\/uploads\/2024\/05\/mapa-1-480x469.png 480w\" sizes=\"(min-width: 0px) and (max-width: 480px) 480px, (min-width: 481px) and (max-width: 980px) 980px, (min-width: 981px) 1024px, 100vw\" \/><\/figure><div class=\"wp-block-media-text__content\">\n<p>Najdete n\u00e1s na adrese Sadov\u00e1 4, v Opav\u011b (are\u00e1l Slezsk\u00e9 tvorby).<\/p>\n\n\n\n<p><\/p>\n\n\n\n<p>V pracovn\u00ed dny to zkuste vchodem do domu p\u0159es recepci. Pozd\u011bji odpoledne nebo ve dny pracovn\u00edho klidu zvo\u0148te na <strong>\u010dern\u00fd <\/strong>zvonek na vratech. My v\u00e1m je otev\u0159eme.&nbsp;<\/p>\n<\/div><\/div>\n\n\n\n<h2 class=\"wp-block-heading\"><\/h2>\n\n\n\n<h2 class=\"wp-block-heading\"><\/h2>\n\n\n\n<p><\/p>\n","protected":false},"excerpt":{"rendered":"<p>P\u0158IHL\u00c1\u0160EN\u00cd NA LEKCE : ZDE AKTU\u00c1LN\u00cd NAB\u00cdDKA: St\u00e1le je mo\u017enost za\u010d\u00edt s j\u00f3gou &#8211; pro jakoukoliv \u017eenu. Prvn\u00ed lekce je zdarma, abys zjistila, jestli je to pro tebe. Cvi\u010d\u00edme, aby n\u00e1m bylo dob\u0159e, je to hodinka t\u00fddn\u011b jen PRO SEBE :). Neporovn\u00e1v\u00e1me se, nekritizujeme, u\u010d\u00edme se vn\u00edmat svoje t\u011blo a b\u00fdt tady a te\u010f. Chce\u0161 [&hellip;]<\/p>\n","protected":false},"author":1,"featured_media":0,"parent":0,"menu_order":0,"comment_status":"closed","ping_status":"closed","template":"","meta":{"_et_pb_use_builder":"off","_et_pb_old_content":"<!-- wp:heading -->\n<h2 class=\"wp-block-heading\">AKTU\u00c1LN\u00cd NAB\u00cdDKA:<\/h2>\n<!-- \/wp:heading -->\n\n<!-- wp:image {\"id\":222,\"sizeSlug\":\"large\",\"linkDestination\":\"none\"} -->\n<figure class=\"wp-block-image size-large\"><img src=\"https:\/\/www.jakovbavlnce.eu\/wp-content\/uploads\/2024\/11\/Pozvanka-do-Opavy-na-Siddhi-1024x707.jpg\" alt=\"\" class=\"wp-image-222\"\/><\/figure>\n<!-- \/wp:image -->\n\n<!-- wp:paragraph -->\n<p>nov\u011b n\u00e1s najdete na adrese Sadov\u00e1 4, v Opav\u011b (are\u00e1l Slezsk\u00e9 tvorby). <\/p>\n<!-- \/wp:paragraph -->\n\n<!-- wp:paragraph -->\n<p>V pracovn\u00ed dny to zkuste vchodem do domu p\u0159es recepci. Pozd\u011bji odpoledne  nebo ve dny pracovn\u00edho klidu zvo\u0148te na <strong>\u010dern\u00fd <\/strong>zvonek na vratech. My v\u00e1m je otev\u0159eme.\u00a0<\/p>\n<!-- \/wp:paragraph -->\n\n<!-- wp:image {\"id\":177,\"sizeSlug\":\"large\",\"linkDestination\":\"none\"} -->\n<figure class=\"wp-block-image size-large\"><img src=\"https:\/\/www.jakovbavlnce.eu\/wp-content\/uploads\/2024\/05\/mapa-1-1024x1001.png\" alt=\"\" class=\"wp-image-177\"\/><\/figure>\n<!-- \/wp:image -->\n\n<!-- wp:heading -->\n<h2 class=\"wp-block-heading\"><strong>P\u0158IHL\u00c1\u0160EN\u00cd NA LEKCE NAJDETE <a href=\"http:\/\/freespirityoga.cz\/rozvrh.php?w=0\">ZDE<\/a><\/strong><\/h2>\n<!-- \/wp:heading -->\n\n<!-- wp:paragraph -->\n<p><\/p>\n<!-- \/wp:paragraph -->\n\n<!-- wp:paragraph -->\n<p><\/p>\n<!-- \/wp:paragraph -->","_et_gb_content_width":"","footnotes":""},"class_list":["post-8","page","type-page","status-publish","hentry"],"_links":{"self":[{"href":"https:\/\/www.jakovbavlnce.eu\/index.php?rest_route=\/wp\/v2\/pages\/8","targetHints":{"allow":["GET"]}}],"collection":[{"href":"https:\/\/www.jakovbavlnce.eu\/index.php?rest_route=\/wp\/v2\/pages"}],"about":[{"href":"https:\/\/www.jakovbavlnce.eu\/index.php?rest_route=\/wp\/v2\/types\/page"}],"author":[{"embeddable":true,"href":"https:\/\/www.jakovbavlnce.eu\/index.php?rest_route=\/wp\/v2\/users\/1"}],"replies":[{"embeddable":true,"href":"https:\/\/www.jakovbavlnce.eu\/index.php?rest_route=%2Fwp%2Fv2%2Fcomments&post=8"}],"version-history":[{"count":44,"href":"https:\/\/www.jakovbavlnce.eu\/index.php?rest_route=\/wp\/v2\/pages\/8\/revisions"}],"predecessor-version":[{"id":304,"href":"https:\/\/www.jakovbavlnce.eu\/index.php?rest_route=\/wp\/v2\/pages\/8\/revisions\/304"}],"wp:attachment":[{"href":"https:\/\/www.jakovbavlnce.eu\/index.php?rest_route=%2Fwp%2Fv2%2Fmedia&parent=8"}],"curies":[{"name":"wp","href":"https:\/\/api.w.org\/{rel}","templated":true}]}}