{"id":81,"date":"2024-05-05T09:23:58","date_gmt":"2024-05-05T07:23:58","guid":{"rendered":"https:\/\/www.jakovbavlnce.eu\/?page_id=81"},"modified":"2024-12-31T19:13:46","modified_gmt":"2024-12-31T18:13:46","slug":"patecni-besedy","status":"publish","type":"page","link":"https:\/\/www.jakovbavlnce.eu\/?page_id=81","title":{"rendered":"P\u00e1te\u010dn\u00ed Besedy"},"content":{"rendered":"\n<p>Ur\u010dit\u011b za\u010dneme s p\u00e1te\u010dn\u00edmi besedami pro ve\u0159ejnost. Jen je\u0161t\u011b nev\u00edme, kdy \ud83d\ude42 <\/p>\n\n\n\n<p>M\u00e1me v pl\u00e1nu r\u016fzn\u00e1 t\u00e9mata s r\u016fzn\u00fdmi lidmi.<\/p>\n\n\n\n<p>O zdrav\u00ed, psychice, v\u00fdchov\u011b, cestov\u00e1n\u00ed, vztaz\u00edch&#8230;. <\/p>\n\n\n\n<p>Klidn\u011b n\u00e1m napi\u0161te na email: jakovbavlncesro@seznam.cz, o co byste m\u011bli z\u00e1jem. <\/p>\n\n\n\n<p><\/p>\n","protected":false},"excerpt":{"rendered":"<p>Ur\u010dit\u011b za\u010dneme s p\u00e1te\u010dn\u00edmi besedami pro ve\u0159ejnost. Jen je\u0161t\u011b nev\u00edme, kdy \ud83d\ude42 M\u00e1me v pl\u00e1nu r\u016fzn\u00e1 t\u00e9mata s r\u016fzn\u00fdmi lidmi. O zdrav\u00ed, psychice, v\u00fdchov\u011b, cestov\u00e1n\u00ed, vztaz\u00edch&#8230;. Klidn\u011b n\u00e1m napi\u0161te na email: jakovbavlncesro@seznam.cz, o co byste m\u011bli z\u00e1jem.<\/p>\n","protected":false},"author":2,"featured_media":0,"parent":0,"menu_order":0,"comment_status":"closed","ping_status":"closed","template":"","meta":{"_et_pb_use_builder":"off","_et_pb_old_content":"","_et_gb_content_width":"","footnotes":""},"class_list":["post-81","page","type-page","status-publish","hentry"],"_links":{"self":[{"href":"https:\/\/www.jakovbavlnce.eu\/index.php?rest_route=\/wp\/v2\/pages\/81","targetHints":{"allow":["GET"]}}],"collection":[{"href":"https:\/\/www.jakovbavlnce.eu\/index.php?rest_route=\/wp\/v2\/pages"}],"about":[{"href":"https:\/\/www.jakovbavlnce.eu\/index.php?rest_route=\/wp\/v2\/types\/page"}],"author":[{"embeddable":true,"href":"https:\/\/www.jakovbavlnce.eu\/index.php?rest_route=\/wp\/v2\/users\/2"}],"replies":[{"embeddable":true,"href":"https:\/\/www.jakovbavlnce.eu\/index.php?rest_route=%2Fwp%2Fv2%2Fcomments&post=81"}],"version-history":[{"count":2,"href":"https:\/\/www.jakovbavlnce.eu\/index.php?rest_route=\/wp\/v2\/pages\/81\/revisions"}],"predecessor-version":[{"id":259,"href":"https:\/\/www.jakovbavlnce.eu\/index.php?rest_route=\/wp\/v2\/pages\/81\/revisions\/259"}],"wp:attachment":[{"href":"https:\/\/www.jakovbavlnce.eu\/index.php?rest_route=%2Fwp%2Fv2%2Fmedia&parent=81"}],"curies":[{"name":"wp","href":"https:\/\/api.w.org\/{rel}","templated":true}]}}