{"id":85,"date":"2024-05-05T09:25:23","date_gmt":"2024-05-05T07:25:23","guid":{"rendered":"https:\/\/www.jakovbavlnce.eu\/?page_id=85"},"modified":"2024-12-31T19:16:39","modified_gmt":"2024-12-31T18:16:39","slug":"clanky","status":"publish","type":"page","link":"https:\/\/www.jakovbavlnce.eu\/?page_id=85","title":{"rendered":"\u010cl\u00e1nky"},"content":{"rendered":"[et_pb_section fb_built=&#8220;1&#8243; admin_label=&#8220;section&#8220; _builder_version=&#8220;4.16&#8243; global_colors_info=&#8220;{}&#8220;][et_pb_row admin_label=&#8220;row&#8220; _builder_version=&#8220;4.16&#8243; background_size=&#8220;initial&#8220; background_position=&#8220;top_left&#8220; background_repeat=&#8220;repeat&#8220; global_colors_info=&#8220;{}&#8220;][et_pb_column type=&#8220;4_4&#8243; _builder_version=&#8220;4.16&#8243; custom_padding=&#8220;|||&#8220; global_colors_info=&#8220;{}&#8220; custom_padding__hover=&#8220;|||&#8220;][et_pb_text admin_label=&#8220;Text&#8220; _builder_version=&#8220;4.16&#8243; background_size=&#8220;initial&#8220; background_position=&#8220;top_left&#8220; background_repeat=&#8220;repeat&#8220; global_colors_info=&#8220;{}&#8220;]<p><\/p>\n<p>na r\u016fzn\u00e1 t\u00e9mata, kter\u00e1 n\u00e1s zaj\u00edmaj\u00ed.<\/p>\n<p><\/p>\n<p><\/p>\n<p><a href=\"https:\/\/www.jakovbavlnce.eu\/?p=88\">Jak vyl\u00e9\u010dit sv\u00e1 ran\u00e1 traumata<\/a><\/p>\n<p><\/p>\n<p><\/p>\n<p><a href=\"https:\/\/medium.seznam.cz\/clanek\/pavlina-nemcova-proc-jsme-si-vyrobili-dite-kdyz-ho-chceme-co-nejdriv-venovat-instituci-61005\">Pro\u010d jsme si vyrobili d\u00edt\u011b, kdy\u017e ho chceme co nejd\u0159\u00edve v\u011bnovat instituci?<\/a><\/p>\n<p><\/p>\n<p><\/p>\n<p><a href=\"https:\/\/medium.seznam.cz\/clanek\/pavlina-nemcova-proc-jsem-tlusta-64710\">Pro\u010d jsem tlust\u00e1<\/a><\/p>\n<p><\/p>\n<p><\/p>\n<p><a href=\"https:\/\/medium.seznam.cz\/clanek\/pavlina-nemcova-po-cem-touzi-dnesni-deti-67379\">Po \u010dem tou\u017e\u00ed dne\u0161n\u00ed d\u011bti <\/a><\/p>\n<p><\/p>\n<p><\/p>\n<p><a href=\"https:\/\/medium.seznam.cz\/clanek\/pavlina-nemcova-jak-mi-jde-hubnuti-aneb-povodne-takhle-zblizka-jsem-zazila-poprve-88160\">Jak mi jde hubnut\u00ed aneb povodn\u011b takhle zbl\u00edzka jsem za\u017eila poprv\u00e9<\/a><\/p>\n<p><\/p>\n<p><\/p>\n<p><a href=\"https:\/\/medium.seznam.cz\/clanek\/pavlina-nemcova-dejte-diteti-mobil-vygumujete-mu-mozek-95609\">Dejte d\u00edt\u011bti mobil, vygumujete mu mozek!<\/a><\/p>\n<p>&nbsp;<\/p>\n<p><a href=\"https:\/\/medium.seznam.cz\/clanek\/pavlina-nemcova-maminko-proc-me-bijes-102211\">Maminko, pro\u010d m\u011b bije\u0161?<\/a><\/p>\n<p><\/p>[\/et_pb_text][\/et_pb_column][\/et_pb_row][\/et_pb_section]","protected":false},"excerpt":{"rendered":"<p>na r\u016fzn\u00e1 t\u00e9mata, kter\u00e1 n\u00e1s zaj\u00edmaj\u00ed. Jak vyl\u00e9\u010dit sv\u00e1 ran\u00e1 traumata Pro\u010d jsme si vyrobili d\u00edt\u011b, kdy\u017e ho chceme co nejd\u0159\u00edve v\u011bnovat instituci? Pro\u010d jsem tlust\u00e1 Po \u010dem tou\u017e\u00ed dne\u0161n\u00ed d\u011bti Jak mi jde hubnut\u00ed aneb povodn\u011b takhle zbl\u00edzka jsem za\u017eila poprv\u00e9 Dejte d\u00edt\u011bti mobil, vygumujete mu mozek! &nbsp; Maminko, pro\u010d m\u011b bije\u0161?<\/p>\n","protected":false},"author":2,"featured_media":0,"parent":0,"menu_order":0,"comment_status":"closed","ping_status":"closed","template":"","meta":{"_et_pb_use_builder":"on","_et_pb_old_content":"<!-- wp:paragraph -->\n<p>na r\u016fzn\u00e1 t\u00e9mata, kter\u00e1 n\u00e1s zaj\u00edmaj\u00ed. <\/p>\n<!-- \/wp:paragraph -->\n\n<!-- wp:paragraph -->\n<p><a href=\"https:\/\/www.jakovbavlnce.eu\/?p=88\">Jak vyl\u00e9\u010dit sv\u00e1 ran\u00e1 traumata<\/a><\/p>\n<!-- \/wp:paragraph -->\n\n<!-- wp:paragraph -->\n<p><a href=\"https:\/\/medium.seznam.cz\/clanek\/pavlina-nemcova-proc-jsme-si-vyrobili-dite-kdyz-ho-chceme-co-nejdriv-venovat-instituci-61005\">Pro\u010d jsme si vyrobili d\u00edt\u011b, kdy\u017e ho chceme co nejd\u0159\u00edve v\u011bnovat instituci?<\/a><\/p>\n<!-- \/wp:paragraph -->\n\n<!-- wp:paragraph -->\n<p><a href=\"https:\/\/medium.seznam.cz\/clanek\/pavlina-nemcova-proc-jsem-tlusta-64710\">Pro\u010d jsem tlust\u00e1<\/a><\/p>\n<!-- \/wp:paragraph -->\n\n<!-- wp:paragraph -->\n<p><a href=\"https:\/\/medium.seznam.cz\/clanek\/pavlina-nemcova-po-cem-touzi-dnesni-deti-67379\">Po \u010dem tou\u017e\u00ed dne\u0161n\u00ed d\u011bti <\/a><\/p>\n<!-- \/wp:paragraph -->\n\n<!-- wp:paragraph -->\n<p><a href=\"https:\/\/medium.seznam.cz\/clanek\/pavlina-nemcova-jak-mi-jde-hubnuti-aneb-povodne-takhle-zblizka-jsem-zazila-poprve-88160\">Jak mi jde hubnut\u00ed aneb povodn\u011b takhle zbl\u00edzka jsem za\u017eila poprv\u00e9<\/a><\/p>\n<!-- \/wp:paragraph -->\n\n<!-- wp:paragraph -->\n<p><a href=\"https:\/\/medium.seznam.cz\/clanek\/pavlina-nemcova-dejte-diteti-mobil-vygumujete-mu-mozek-95609\">Dejte d\u00edt\u011bti mobil, vygumujete mu mozek!<\/a><\/p>\n<!-- \/wp:paragraph -->","_et_gb_content_width":"","footnotes":""},"class_list":["post-85","page","type-page","status-publish","hentry"],"_links":{"self":[{"href":"https:\/\/www.jakovbavlnce.eu\/index.php?rest_route=\/wp\/v2\/pages\/85","targetHints":{"allow":["GET"]}}],"collection":[{"href":"https:\/\/www.jakovbavlnce.eu\/index.php?rest_route=\/wp\/v2\/pages"}],"about":[{"href":"https:\/\/www.jakovbavlnce.eu\/index.php?rest_route=\/wp\/v2\/types\/page"}],"author":[{"embeddable":true,"href":"https:\/\/www.jakovbavlnce.eu\/index.php?rest_route=\/wp\/v2\/users\/2"}],"replies":[{"embeddable":true,"href":"https:\/\/www.jakovbavlnce.eu\/index.php?rest_route=%2Fwp%2Fv2%2Fcomments&post=85"}],"version-history":[{"count":12,"href":"https:\/\/www.jakovbavlnce.eu\/index.php?rest_route=\/wp\/v2\/pages\/85\/revisions"}],"predecessor-version":[{"id":265,"href":"https:\/\/www.jakovbavlnce.eu\/index.php?rest_route=\/wp\/v2\/pages\/85\/revisions\/265"}],"wp:attachment":[{"href":"https:\/\/www.jakovbavlnce.eu\/index.php?rest_route=%2Fwp%2Fv2%2Fmedia&parent=85"}],"curies":[{"name":"wp","href":"https:\/\/api.w.org\/{rel}","templated":true}]}}